{"id":203,"date":"2015-08-12T09:45:02","date_gmt":"2015-08-12T09:45:02","guid":{"rendered":"http:\/\/192.168.9.29\/Development\/TB\/?page_id=203"},"modified":"2020-01-22T18:53:41","modified_gmt":"2020-01-22T17:53:41","slug":"home","status":"publish","type":"page","link":"https:\/\/www.fapricela.fr\/WWW2\/","title":{"rendered":"Home"},"content":{"rendered":"<div class=\"service-grid\">\n<div class=\"row \">\n<div class=\"span12 \"><blockquote>\n<p style=\"text-align: center;\">Travailler plus intelligemment avec notre soci\u00e9t\u00e9 industrielle!<br \/>\nNous fournissons des solutions industrielles innovantes et rentables<\/p>\n<\/blockquote>\n<div class=\"row-fluid \">\n<figure class=\"frame thumbnail alignnone clearfix\">\n<div class=\"span2\"><div class=\"service-box \"><figure class=\"icon\"><a href=\"http:\/\/www.fapricela.fr\/WWW2\/produits\/\"><img decoding=\"async\" src=\"https:\/\/www.fapricela.fr\/WWW2\/wp-content\/themes\/theme44938\/images\/icon-produto.png\" alt=\"\" \/><\/a><\/figure><div class=\"service-box_body\"><h2 class=\"title\">Produits<\/h2><div class=\"service-box_txt\">Niveau de comp\u00e9titivit\u00e9 \u00e9lev\u00e9.<\/div><\/div><\/div><!-- \/Service Box --><\/div>\n<div class=\"span2\"><div class=\"service-box \"><figure class=\"icon\"><a href=\"http:\/\/www.fapricela.fr\/WWW2\/technologie\/\"><img decoding=\"async\" src=\"https:\/\/www.fapricela.fr\/WWW2\/wp-content\/themes\/theme44938\/images\/icon-tecnologia.png\" alt=\"\" \/><\/a><\/figure><div class=\"service-box_body\"><h2 class=\"title\">Technologie<\/h2><div class=\"service-box_txt\">En sachant ce que nous produisons, nous expliquons qui nous sommes.<\/div><\/div><\/div><!-- \/Service Box --><\/div>\n<div class=\"span2\"><div class=\"service-box \"><figure class=\"icon\"><a href=\"http:\/\/www.fapricela.fr\/WWW2\/exportation\/\"><img decoding=\"async\" src=\"https:\/\/www.fapricela.fr\/WWW2\/wp-content\/themes\/theme44938\/images\/icon-exportacao.png\" alt=\"\" \/><\/a><\/figure><div class=\"service-box_body\"><h2 class=\"title\">Exportation<\/h2><div class=\"service-box_txt\">Quel que soit l'endroit o\u00f9 vous \u00eates, nous sommes \u00e0 vos c\u00f4t\u00e9s.<\/div><\/div><\/div><!-- \/Service Box --><\/div>\n<div class=\"span2\"><div class=\"service-box \"><figure class=\"icon\"><a href=\"http:\/\/www.fapricela.fr\/WWW2\/securite\/\"><img decoding=\"async\" src=\"https:\/\/www.fapricela.fr\/WWW2\/wp-content\/themes\/theme44938\/images\/icon-seguranca.png\" alt=\"\" \/><\/a><\/figure><div class=\"service-box_body\"><h2 class=\"title\">S\u00e9curit\u00e9<\/h2><div class=\"service-box_txt\">Normes, r\u00e8glement de fonctionnement et utilisation du mat\u00e9riel ad\u00e9quat \u00e0 la bonne performance dans l'exercice des fonctions.<\/div><\/div><\/div><!-- \/Service Box --><\/div>\n<div class=\"span2\"><div class=\"service-box \"><figure class=\"icon\"><a href=\"http:\/\/www.fapricela.fr\/WWW2\/quality\/environnement\/\"><img decoding=\"async\" src=\"https:\/\/www.fapricela.fr\/WWW2\/wp-content\/themes\/theme44938\/images\/icon-ambiente.png\" alt=\"\" \/><\/a><\/figure><div class=\"service-box_body\"><h2 class=\"title\">Environnement<\/h2><div class=\"service-box_txt\">Valeurs et pr\u00e9occupations en pensant \u00e0 demain.<\/div><\/div><\/div><!-- \/Service Box --><\/div>\n<div class=\"span2\"><div class=\"service-box \"><figure class=\"icon\"><a href=\"http:\/\/www.fapricela.fr\/WWW2\/qualite\/politique-de-qualite\/\"><img decoding=\"async\" src=\"https:\/\/www.fapricela.fr\/WWW2\/wp-content\/themes\/theme44938\/images\/icon-qualidade.png\" alt=\"\" \/><\/a><\/figure><div class=\"service-box_body\"><h2 class=\"title\">Qualit\u00e9<\/h2><div class=\"service-box_txt\">Produits de qualit\u00e9 comme vecteur de comp\u00e9titivit\u00e9 et croissance.<\/div><\/div><\/div><!-- \/Service Box --><\/div>\n<\/figure>\n<\/div> <!-- .row-fluid (end) --><\/div>\n<\/div><!-- .row (end) -->\n<\/div>\n<div class=\"row \">\n<div class=\"span12 \"><h2>Produits<\/h2>\n<div class=\"carousel-wrap font-size-letter-tittle\"><div id=\"owl-carousel-69e764a491709\" class=\"owl-carousel-portfolio owl-carousel\" data-items=\"5\" data-auto-play=\"5000\" data-nav=\"true\" data-pagination=\"false\"><div class=\"item format-standart item-list-0\"><figure><a href=\"https:\/\/www.fapricela.fr\/WWW2\/portfolio-view\/torons-de-7-fils-de-acier\/\" title=\"Toron \u00e0 7 fils d&#8217;acier\" class=\"darkbox\" ><img decoding=\"async\" src=\"https:\/\/www.fapricela.fr\/WWW2\/wp-content\/uploads\/2016\/05\/prd-pc-strand-7-wires-3-270x201.png\" alt=\"Toron \u00e0 7 fils d&#8217;acier\" \/> <\/a><\/figure><div class=\"desc\"><h5><a href=\"https:\/\/www.fapricela.fr\/WWW2\/portfolio-view\/torons-de-7-fils-de-acier\/\" title=\"Toron \u00e0 7 fils d&#8217;acier\">Toron \u00e0 7 fils d&#8217;acier<\/a><\/h5><\/div><\/div><div class=\"item format-standart item-list-1\"><figure><a href=\"https:\/\/www.fapricela.fr\/WWW2\/portfolio-view\/toron-a-7-fils-dacier-compact\/\" title=\"Toron \u00e0 7 fils d&#8217;acier compact\" class=\"darkbox\" ><img decoding=\"async\" src=\"https:\/\/www.fapricela.fr\/WWW2\/wp-content\/uploads\/2016\/05\/prd-pc-strand-compacted-7-wires-3-270x201.png\" alt=\"Toron \u00e0 7 fils d&#8217;acier compact\" \/> <\/a><\/figure><div class=\"desc\"><h5><a href=\"https:\/\/www.fapricela.fr\/WWW2\/portfolio-view\/toron-a-7-fils-dacier-compact\/\" title=\"Toron \u00e0 7 fils d&#8217;acier compact\">Toron \u00e0 7 fils d&#8217;acier compact<\/a><\/h5><\/div><\/div><div class=\"item format-standart item-list-2\"><figure><a href=\"https:\/\/www.fapricela.fr\/WWW2\/portfolio-view\/toron-a-3-fils-dacier\/\" title=\"Toron \u00e0 3 fils d&#8217;acier\" class=\"darkbox\" ><img decoding=\"async\" src=\"https:\/\/www.fapricela.fr\/WWW2\/wp-content\/uploads\/2016\/05\/prd-pc-strand-3-wires-3-270x201.png\" alt=\"Toron \u00e0 3 fils d&#8217;acier\" \/> <\/a><\/figure><div class=\"desc\"><h5><a href=\"https:\/\/www.fapricela.fr\/WWW2\/portfolio-view\/toron-a-3-fils-dacier\/\" title=\"Toron \u00e0 3 fils d&#8217;acier\">Toron \u00e0 3 fils d&#8217;acier<\/a><\/h5><\/div><\/div><div class=\"item format-standart item-list-3\"><figure><a href=\"https:\/\/www.fapricela.fr\/WWW2\/portfolio-view\/toron-dacier-gaine-graisse\/\" title=\"Toron d&#8217;Acier Gain\u00e9 Graiss\u00e9\" class=\"darkbox\" ><img decoding=\"async\" src=\"https:\/\/www.fapricela.fr\/WWW2\/wp-content\/uploads\/2016\/11\/prd-cordao-auto-embainhado-liso-5-270x201.png\" alt=\"Toron d&#8217;Acier Gain\u00e9 Graiss\u00e9\" \/> <\/a><\/figure><div class=\"desc\"><h5><a href=\"https:\/\/www.fapricela.fr\/WWW2\/portfolio-view\/toron-dacier-gaine-graisse\/\" title=\"Toron d&#8217;Acier Gain\u00e9 Graiss\u00e9\">Toron d&#8217;Acier Gain\u00e9 Graiss\u00e9<\/a><\/h5><\/div><\/div><div class=\"item format-standart item-list-4\"><figure><a href=\"https:\/\/www.fapricela.fr\/WWW2\/portfolio-view\/fil-dacier-pour-precontrainte\/\" title=\"Fil d&#8217;Acier pour Pr\u00e9contrainte\" class=\"darkbox\" ><img decoding=\"async\" src=\"https:\/\/www.fapricela.fr\/WWW2\/wp-content\/uploads\/2016\/05\/prd-pc-wire-3-270x201.png\" alt=\"Fil d&#8217;Acier pour Pr\u00e9contrainte\" \/> <\/a><\/figure><div class=\"desc\"><h5><a href=\"https:\/\/www.fapricela.fr\/WWW2\/portfolio-view\/fil-dacier-pour-precontrainte\/\" title=\"Fil d&#8217;Acier pour Pr\u00e9contrainte\">Fil d&#8217;Acier pour Pr\u00e9contrainte<\/a><\/h5><\/div><\/div><div class=\"item format-standart item-list-5\"><figure><a href=\"https:\/\/www.fapricela.fr\/WWW2\/portfolio-view\/traverses-barres\/\" title=\"Traverses \/ Barres\" class=\"darkbox\" ><img decoding=\"async\" src=\"https:\/\/www.fapricela.fr\/WWW2\/wp-content\/uploads\/2016\/02\/prd-bars-for-railway-sleepers-3-270x201.png\" alt=\"Traverses \/ Barres\" \/> <\/a><\/figure><div class=\"desc\"><h5><a href=\"https:\/\/www.fapricela.fr\/WWW2\/portfolio-view\/traverses-barres\/\" title=\"Traverses \/ Barres\">Traverses \/ Barres<\/a><\/h5><\/div><\/div><div class=\"item format-standart item-list-6\"><figure><a href=\"https:\/\/www.fapricela.fr\/WWW2\/portfolio-view\/fil-dacier-a-ressorts\/\" title=\"Fil d&#8217;Acier \u00e0 Ressorts\" class=\"darkbox\" ><img decoding=\"async\" src=\"https:\/\/www.fapricela.fr\/WWW2\/wp-content\/uploads\/2016\/05\/prd-arames-para-molas-5-270x201.png\" alt=\"Fil d&#8217;Acier \u00e0 Ressorts\" \/> <\/a><\/figure><div class=\"desc\"><h5><a href=\"https:\/\/www.fapricela.fr\/WWW2\/portfolio-view\/fil-dacier-a-ressorts\/\" title=\"Fil d&#8217;Acier \u00e0 Ressorts\">Fil d&#8217;Acier \u00e0 Ressorts<\/a><\/h5><\/div><\/div><div class=\"item format-standart item-list-7\"><figure><a href=\"https:\/\/www.fapricela.fr\/WWW2\/portfolio-view\/treillis-soudes\/\" title=\"Treillis Soud\u00e9s\" class=\"darkbox\" ><img decoding=\"async\" src=\"https:\/\/www.fapricela.fr\/WWW2\/wp-content\/uploads\/2016\/02\/prd-malha-4-270x201.png\" alt=\"Treillis Soud\u00e9s\" \/> <\/a><\/figure><div class=\"desc\"><h5><a href=\"https:\/\/www.fapricela.fr\/WWW2\/portfolio-view\/treillis-soudes\/\" title=\"Treillis Soud\u00e9s\">Treillis Soud\u00e9s<\/a><\/h5><\/div><\/div><div class=\"item format-standart item-list-8\"><figure><a href=\"https:\/\/www.fapricela.fr\/WWW2\/portfolio-view\/bobines\/\" title=\"Bobines\" class=\"darkbox\" ><img decoding=\"async\" src=\"https:\/\/www.fapricela.fr\/WWW2\/wp-content\/uploads\/2016\/02\/prd-bobines-2-270x201.png\" alt=\"Bobines\" \/> <\/a><\/figure><div class=\"desc\"><h5><a href=\"https:\/\/www.fapricela.fr\/WWW2\/portfolio-view\/bobines\/\" title=\"Bobines\">Bobines<\/a><\/h5><\/div><\/div><div class=\"item format-standart item-list-9\"><figure><a href=\"https:\/\/www.fapricela.fr\/WWW2\/portfolio-view\/barres\/\" title=\"Barres\" class=\"darkbox\" ><img decoding=\"async\" src=\"https:\/\/www.fapricela.fr\/WWW2\/wp-content\/uploads\/2016\/02\/prd-barras-2-270x201.png\" alt=\"Barres\" \/> <\/a><\/figure><div class=\"desc\"><h5><a href=\"https:\/\/www.fapricela.fr\/WWW2\/portfolio-view\/barres\/\" title=\"Barres\">Barres<\/a><\/h5><\/div><\/div><div class=\"item format-standart item-list-10\"><figure><a href=\"https:\/\/www.fapricela.fr\/WWW2\/portfolio-view\/ecarteurs-chainages\/\" title=\"\u00c9carteurs \/ Chainages\" class=\"darkbox\" ><img decoding=\"async\" src=\"https:\/\/www.fapricela.fr\/WWW2\/wp-content\/uploads\/2016\/02\/prd-trelicas-1-270x201.png\" alt=\"\u00c9carteurs \/ Chainages\" \/> <\/a><\/figure><div class=\"desc\"><h5><a href=\"https:\/\/www.fapricela.fr\/WWW2\/portfolio-view\/ecarteurs-chainages\/\" title=\"\u00c9carteurs \/ Chainages\">\u00c9carteurs \/ Chainages<\/a><\/h5><\/div><\/div><div class=\"item format-standart item-list-11\"><figure><a href=\"https:\/\/www.fapricela.fr\/WWW2\/portfolio-view\/pointes-carrees\/\" title=\"Pointes Carr\u00e9es\" class=\"darkbox\" ><img decoding=\"async\" src=\"https:\/\/www.fapricela.fr\/WWW2\/wp-content\/uploads\/2015\/08\/prd-prego-quadrado-construcao-2-270x201.png\" alt=\"Pointes Carr\u00e9es\" \/> <\/a><\/figure><div class=\"desc\"><h5><a href=\"https:\/\/www.fapricela.fr\/WWW2\/portfolio-view\/pointes-carrees\/\" title=\"Pointes Carr\u00e9es\">Pointes Carr\u00e9es<\/a><\/h5><\/div><\/div><div class=\"item format-standart item-list-12\"><figure><a href=\"https:\/\/www.fapricela.fr\/WWW2\/portfolio-view\/pointes-tpo\/\" title=\"Pointes TPO\" class=\"darkbox\" ><img decoding=\"async\" src=\"https:\/\/www.fapricela.fr\/WWW2\/wp-content\/uploads\/2015\/08\/prd-prego-redondo-construcao-3-270x201.png\" alt=\"Pointes TPO\" \/> <\/a><\/figure><div class=\"desc\"><h5><a href=\"https:\/\/www.fapricela.fr\/WWW2\/portfolio-view\/pointes-tpo\/\" title=\"Pointes TPO\">Pointes TPO<\/a><\/h5><\/div><\/div><div class=\"item format-standart item-list-13\"><figure><a href=\"https:\/\/www.fapricela.fr\/WWW2\/portfolio-view\/pointes-annelees\/\" title=\"Pointes Annel\u00e9es\" class=\"darkbox\" ><img decoding=\"async\" src=\"https:\/\/www.fapricela.fr\/WWW2\/wp-content\/uploads\/2015\/09\/prd-prego-anelado-2-270x201.png\" alt=\"Pointes Annel\u00e9es\" \/> <\/a><\/figure><div class=\"desc\"><h5><a href=\"https:\/\/www.fapricela.fr\/WWW2\/portfolio-view\/pointes-annelees\/\" title=\"Pointes Annel\u00e9es\">Pointes Annel\u00e9es<\/a><\/h5><\/div><\/div><div class=\"item format-standart item-list-14\"><figure><a href=\"https:\/\/www.fapricela.fr\/WWW2\/portfolio-view\/pointes-torsadees\/\" title=\"Pointes Torsad\u00e9es\" class=\"darkbox\" ><img decoding=\"async\" src=\"https:\/\/www.fapricela.fr\/WWW2\/wp-content\/uploads\/2015\/09\/prd-prego-roscado-1-270x201.png\" alt=\"Pointes Torsad\u00e9es\" \/> <\/a><\/figure><div class=\"desc\"><h5><a href=\"https:\/\/www.fapricela.fr\/WWW2\/portfolio-view\/pointes-torsadees\/\" title=\"Pointes Torsad\u00e9es\">Pointes Torsad\u00e9es<\/a><\/h5><\/div><\/div><div class=\"item format-standart item-list-15\"><figure><a href=\"https:\/\/www.fapricela.fr\/WWW2\/portfolio-view\/pointes-bisautees\/\" title=\"Pointes Bisaut\u00e9es\" class=\"darkbox\" ><img decoding=\"async\" src=\"https:\/\/www.fapricela.fr\/WWW2\/wp-content\/uploads\/2015\/09\/prd-prego-ponta-biselada-1-270x201.png\" alt=\"Pointes Bisaut\u00e9es\" \/> <\/a><\/figure><div class=\"desc\"><h5><a href=\"https:\/\/www.fapricela.fr\/WWW2\/portfolio-view\/pointes-bisautees\/\" title=\"Pointes Bisaut\u00e9es\">Pointes Bisaut\u00e9es<\/a><\/h5><\/div><\/div><div class=\"item format-standart item-list-16\"><figure><a href=\"https:\/\/www.fapricela.fr\/WWW2\/portfolio-view\/pointes-annelees-torsadees-en-rouleaux-ppistolet\/\" title=\"Pointes Annel\u00e9es \/ Torsad\u00e9es en Rouleaux (p\/pistolet)\" class=\"darkbox\" ><img decoding=\"async\" src=\"https:\/\/www.fapricela.fr\/WWW2\/wp-content\/uploads\/2015\/09\/prd-prego-rolo-roscado-1-270x201.png\" alt=\"Pointes Annel\u00e9es \/ Torsad\u00e9es en Rouleaux (p\/pistolet)\" \/> <\/a><\/figure><div class=\"desc\"><h5><a href=\"https:\/\/www.fapricela.fr\/WWW2\/portfolio-view\/pointes-annelees-torsadees-en-rouleaux-ppistolet\/\" title=\"Pointes Annel\u00e9es \/ Torsad\u00e9es en Rouleaux (p\/pistolet)\">Pointes Annel\u00e9es \/ Torsad\u00e9es en Rouleaux (p\/pistolet)<\/a><\/h5><\/div><\/div><div class=\"item format-standart item-list-17\"><figure><a href=\"https:\/\/www.fapricela.fr\/WWW2\/portfolio-view\/grillage-simple-torsion-galvanise\/\" title=\"Grillage simple torsion galvanis\u00e9\" class=\"darkbox\" ><img decoding=\"async\" src=\"https:\/\/www.fapricela.fr\/WWW2\/wp-content\/uploads\/2016\/02\/prd-chain-link-fencing-with-galvanized-wire-2-270x201.png\" alt=\"Grillage simple torsion galvanis\u00e9\" \/> <\/a><\/figure><div class=\"desc\"><h5><a href=\"https:\/\/www.fapricela.fr\/WWW2\/portfolio-view\/grillage-simple-torsion-galvanise\/\" title=\"Grillage simple torsion galvanis\u00e9\">Grillage simple torsion galvanis\u00e9<\/a><\/h5><\/div><\/div><div class=\"item format-standart item-list-18\"><figure><a href=\"https:\/\/www.fapricela.fr\/WWW2\/portfolio-view\/grillage-simple-torsion-plastifie\/\" title=\"Grillage simple torsion plastifi\u00e9\" class=\"darkbox\" ><img decoding=\"async\" src=\"https:\/\/www.fapricela.fr\/WWW2\/wp-content\/uploads\/2016\/02\/prd-chain-link-fencing-with-pvc-coated-galvanized-wire-2-270x201.png\" alt=\"Grillage simple torsion plastifi\u00e9\" \/> <\/a><\/figure><div class=\"desc\"><h5><a href=\"https:\/\/www.fapricela.fr\/WWW2\/portfolio-view\/grillage-simple-torsion-plastifie\/\" title=\"Grillage simple torsion plastifi\u00e9\">Grillage simple torsion plastifi\u00e9<\/a><\/h5><\/div><\/div><div class=\"item format-standart item-list-19\"><figure><a href=\"https:\/\/www.fapricela.fr\/WWW2\/portfolio-view\/grillage-noue\/\" title=\"Grillage nou\u00e9\" class=\"darkbox\" ><img decoding=\"async\" src=\"https:\/\/www.fapricela.fr\/WWW2\/wp-content\/uploads\/2016\/02\/prd-galvanized-hingle-joint-farm-fencing-3-270x201.png\" alt=\"Grillage nou\u00e9\" \/> <\/a><\/figure><div class=\"desc\"><h5><a href=\"https:\/\/www.fapricela.fr\/WWW2\/portfolio-view\/grillage-noue\/\" title=\"Grillage nou\u00e9\">Grillage nou\u00e9<\/a><\/h5><\/div><\/div><div class=\"item format-standart item-list-20\"><figure><a href=\"https:\/\/www.fapricela.fr\/WWW2\/portfolio-view\/fil-plastifie\/\" title=\"Fil Plastifi\u00e9\" class=\"darkbox\" ><img decoding=\"async\" src=\"https:\/\/www.fapricela.fr\/WWW2\/wp-content\/uploads\/2016\/02\/prd-pvc-coated-wire-2-270x201.png\" alt=\"Fil Plastifi\u00e9\" \/> <\/a><\/figure><div class=\"desc\"><h5><a href=\"https:\/\/www.fapricela.fr\/WWW2\/portfolio-view\/fil-plastifie\/\" title=\"Fil Plastifi\u00e9\">Fil Plastifi\u00e9<\/a><\/h5><\/div><\/div><div class=\"item format-standart item-list-21\"><figure><a href=\"https:\/\/www.fapricela.fr\/WWW2\/portfolio-view\/fil-galvanise\/\" title=\"Fil Galvanis\u00e9\" class=\"darkbox\" ><img decoding=\"async\" src=\"https:\/\/www.fapricela.fr\/WWW2\/wp-content\/uploads\/2016\/02\/prd-galvanized-wire-2-270x201.png\" alt=\"Fil Galvanis\u00e9\" \/> <\/a><\/figure><div class=\"desc\"><h5><a href=\"https:\/\/www.fapricela.fr\/WWW2\/portfolio-view\/fil-galvanise\/\" title=\"Fil Galvanis\u00e9\">Fil Galvanis\u00e9<\/a><\/h5><\/div><\/div><div class=\"item format-standart item-list-22\"><figure><a href=\"https:\/\/www.fapricela.fr\/WWW2\/portfolio-view\/fil-barbele\/\" title=\"Fil Barbel\u00e9\" class=\"darkbox\" ><img decoding=\"async\" src=\"https:\/\/www.fapricela.fr\/WWW2\/wp-content\/uploads\/2016\/02\/prd-arame-farpado-2-270x201.png\" alt=\"Fil Barbel\u00e9\" \/> <\/a><\/figure><div class=\"desc\"><h5><a href=\"https:\/\/www.fapricela.fr\/WWW2\/portfolio-view\/fil-barbele\/\" title=\"Fil Barbel\u00e9\">Fil Barbel\u00e9<\/a><\/h5><\/div><\/div><div class=\"item format-standart item-list-23\"><figure><a href=\"https:\/\/www.fapricela.fr\/WWW2\/portfolio-view\/fil-torsade\/\" title=\"Fil Torsad\u00e9\" class=\"darkbox\" ><img decoding=\"async\" src=\"https:\/\/www.fapricela.fr\/WWW2\/wp-content\/uploads\/2016\/02\/prd-arame-torcido-1-270x201.png\" alt=\"Fil Torsad\u00e9\" \/> <\/a><\/figure><div class=\"desc\"><h5><a href=\"https:\/\/www.fapricela.fr\/WWW2\/portfolio-view\/fil-torsade\/\" title=\"Fil Torsad\u00e9\">Fil Torsad\u00e9<\/a><\/h5><\/div><\/div><div class=\"item format-standart item-list-24\"><figure><a href=\"https:\/\/www.fapricela.fr\/WWW2\/produits\/faible-teneur-en-carbone\/fibres\/\" title=\"Fibres\" class=\"darkbox\" ><img decoding=\"async\" src=\"https:\/\/www.fapricela.fr\/WWW2\/wp-content\/uploads\/2015\/08\/slide6-270x201.png\" alt=\"Fibres\" \/> <\/a><\/figure><div class=\"desc\"><h5><a href=\"https:\/\/www.fapricela.fr\/WWW2\/produits\/faible-teneur-en-carbone\/fibres\/\" title=\"Fibres\">Fibres<\/a><\/h5><\/div><\/div><div class=\"item format-standart item-list-25\"><figure><a href=\"https:\/\/www.fapricela.fr\/WWW2\/portfolio-view\/fil-recuit-en-rouleau\/\" title=\"Fil Recuit en Rouleau\" class=\"darkbox\" ><img decoding=\"async\" src=\"https:\/\/www.fapricela.fr\/WWW2\/wp-content\/uploads\/2015\/08\/prd-arame-recozido-rolo-21-270x201.png\" alt=\"Fil Recuit en Rouleau\" \/> <\/a><\/figure><div class=\"desc\"><h5><a href=\"https:\/\/www.fapricela.fr\/WWW2\/portfolio-view\/fil-recuit-en-rouleau\/\" title=\"Fil Recuit en Rouleau\">Fil Recuit en Rouleau<\/a><\/h5><\/div><\/div><div class=\"item format-standart item-list-26\"><figure><a href=\"https:\/\/www.fapricela.fr\/WWW2\/portfolio-view\/fil-recuit-en-petit-rouleau\/\" title=\"Fil Recuit en Petit Rouleau\" class=\"darkbox\" ><img decoding=\"async\" src=\"https:\/\/www.fapricela.fr\/WWW2\/wp-content\/uploads\/2015\/08\/prd-arame-recozido-rolo-peq-1-270x201.png\" alt=\"Fil Recuit en Petit Rouleau\" \/> <\/a><\/figure><div class=\"desc\"><h5><a href=\"https:\/\/www.fapricela.fr\/WWW2\/portfolio-view\/fil-recuit-en-petit-rouleau\/\" title=\"Fil Recuit en Petit Rouleau\">Fil Recuit en Petit Rouleau<\/a><\/h5><\/div><\/div><div class=\"item format-standart item-list-27\"><figure><a href=\"https:\/\/www.fapricela.fr\/WWW2\/portfolio-view\/fil-recuit-en-bobine\/\" title=\"Fil Recuit en Bobine\" class=\"darkbox\" ><img decoding=\"async\" src=\"https:\/\/www.fapricela.fr\/WWW2\/wp-content\/uploads\/2015\/08\/prd-arame-recozido-bobine-15-270x201.png\" alt=\"Fil Recuit en Bobine\" \/> <\/a><\/figure><div class=\"desc\"><h5><a href=\"https:\/\/www.fapricela.fr\/WWW2\/portfolio-view\/fil-recuit-en-bobine\/\" title=\"Fil Recuit en Bobine\">Fil Recuit en Bobine<\/a><\/h5><\/div><\/div><div class=\"item format-standart item-list-28\"><figure><a href=\"https:\/\/www.fapricela.fr\/WWW2\/portfolio-view\/fil-recuit-en-petite-bobine\/\" title=\"Fil Recuit en Petite Bobine\" class=\"darkbox\" ><img decoding=\"async\" src=\"https:\/\/www.fapricela.fr\/WWW2\/wp-content\/uploads\/2015\/08\/prd-arame-recozido-bobine-peq-3-270x201.png\" alt=\"Fil Recuit en Petite Bobine\" \/> <\/a><\/figure><div class=\"desc\"><h5><a href=\"https:\/\/www.fapricela.fr\/WWW2\/portfolio-view\/fil-recuit-en-petite-bobine\/\" title=\"Fil Recuit en Petite Bobine\">Fil Recuit en Petite Bobine<\/a><\/h5><\/div><\/div><div class=\"item format-standart item-list-29\"><figure><a href=\"https:\/\/www.fapricela.fr\/WWW2\/portfolio-view\/fil-recuit-en-barres\/\" title=\"Fil Recuit en Barres\" class=\"darkbox\" ><img decoding=\"async\" src=\"https:\/\/www.fapricela.fr\/WWW2\/wp-content\/uploads\/2015\/08\/prd-arame-recozido-vareta-11-270x201.png\" alt=\"Fil Recuit en Barres\" \/> <\/a><\/figure><div class=\"desc\"><h5><a href=\"https:\/\/www.fapricela.fr\/WWW2\/portfolio-view\/fil-recuit-en-barres\/\" title=\"Fil Recuit en Barres\">Fil Recuit en Barres<\/a><\/h5><\/div><\/div><div class=\"item format-standart item-list-30\"><figure><a href=\"https:\/\/www.fapricela.fr\/WWW2\/portfolio-view\/blackmax-premium-fil-recuit\/\" title=\"Blackmax \u00ae &#8211; Premium fil recuit\" class=\"darkbox\" ><img decoding=\"async\" src=\"https:\/\/www.fapricela.fr\/WWW2\/wp-content\/uploads\/2016\/02\/prd-arame-recozido-blackmax-11-270x201.png\" alt=\"Blackmax \u00ae &#8211; Premium fil recuit\" \/> <\/a><\/figure><div class=\"desc\"><h5><a href=\"https:\/\/www.fapricela.fr\/WWW2\/portfolio-view\/blackmax-premium-fil-recuit\/\" title=\"Blackmax \u00ae &#8211; Premium fil recuit\">Blackmax \u00ae &#8211; Premium fil recuit<\/a><\/h5><\/div><\/div><div class=\"item format-standart item-list-31\"><figure><a href=\"https:\/\/www.fapricela.fr\/WWW2\/portfolio-view\/fil-clair-en-bobine\/\" title=\"Fil Clair en Bobine\" class=\"darkbox\" ><img decoding=\"async\" src=\"https:\/\/www.fapricela.fr\/WWW2\/wp-content\/uploads\/2015\/08\/prd-arame-cru-bobine-1-270x201.png\" alt=\"Fil Clair en Bobine\" \/> <\/a><\/figure><div class=\"desc\"><h5><a href=\"https:\/\/www.fapricela.fr\/WWW2\/portfolio-view\/fil-clair-en-bobine\/\" title=\"Fil Clair en Bobine\">Fil Clair en Bobine<\/a><\/h5><\/div><\/div><div class=\"item format-standart item-list-32\"><figure><a href=\"https:\/\/www.fapricela.fr\/WWW2\/portfolio-view\/fil-clair-en-rouleau\/\" title=\"Fil Clair en Rouleau\" class=\"darkbox\" ><img decoding=\"async\" src=\"https:\/\/www.fapricela.fr\/WWW2\/wp-content\/uploads\/2015\/08\/prd-arame-cru-rolo-21-270x201.png\" alt=\"Fil Clair en Rouleau\" \/> <\/a><\/figure><div class=\"desc\"><h5><a href=\"https:\/\/www.fapricela.fr\/WWW2\/portfolio-view\/fil-clair-en-rouleau\/\" title=\"Fil Clair en Rouleau\">Fil Clair en Rouleau<\/a><\/h5><\/div><\/div><div class=\"item format-standart item-list-33\"><figure><a href=\"https:\/\/www.fapricela.fr\/WWW2\/portfolio-view\/fil-clair-en-petit-rouleau\/\" title=\"Fil Clair en Petit Rouleau\" class=\"darkbox\" ><img decoding=\"async\" src=\"https:\/\/www.fapricela.fr\/WWW2\/wp-content\/uploads\/2015\/08\/prd-arame-cru-rolo-peq-1-270x201.png\" alt=\"Fil Clair en Petit Rouleau\" \/> <\/a><\/figure><div class=\"desc\"><h5><a href=\"https:\/\/www.fapricela.fr\/WWW2\/portfolio-view\/fil-clair-en-petit-rouleau\/\" title=\"Fil Clair en Petit Rouleau\">Fil Clair en Petit Rouleau<\/a><\/h5><\/div><\/div><div class=\"item format-standart item-list-34\"><figure><a href=\"https:\/\/www.fapricela.fr\/WWW2\/portfolio-view\/fil-clair-en-petite-bobine\/\" title=\"Fil Clair en Petite Bobine\" class=\"darkbox\" ><img decoding=\"async\" src=\"https:\/\/www.fapricela.fr\/WWW2\/wp-content\/uploads\/2015\/08\/prd-arame-cru-bobine-peq-1-270x201.png\" alt=\"Fil Clair en Petite Bobine\" \/> <\/a><\/figure><div class=\"desc\"><h5><a href=\"https:\/\/www.fapricela.fr\/WWW2\/portfolio-view\/fil-clair-en-petite-bobine\/\" title=\"Fil Clair en Petite Bobine\">Fil Clair en Petite Bobine<\/a><\/h5><\/div><\/div><div class=\"item format-standart item-list-35\"><figure><a href=\"https:\/\/www.fapricela.fr\/WWW2\/portfolio-view\/fil-clair-en-barres\/\" title=\"Fil Clair en Barres\" class=\"darkbox\" ><img decoding=\"async\" src=\"https:\/\/www.fapricela.fr\/WWW2\/wp-content\/uploads\/2015\/08\/prd-arame-cru-vareta-11-270x201.png\" alt=\"Fil Clair en Barres\" \/> <\/a><\/figure><div class=\"desc\"><h5><a href=\"https:\/\/www.fapricela.fr\/WWW2\/portfolio-view\/fil-clair-en-barres\/\" title=\"Fil Clair en Barres\">Fil Clair en Barres<\/a><\/h5><\/div><\/div><\/div><\/div><\/div>\n<\/div><!-- .row (end) -->\n","protected":false},"excerpt":{"rendered":"","protected":false},"author":100033845001,"featured_media":0,"parent":0,"menu_order":0,"comment_status":"closed","ping_status":"closed","template":"page-home.php","meta":{"footnotes":""},"class_list":["post-203","page","type-page","status-publish","hentry"],"_links":{"self":[{"href":"https:\/\/www.fapricela.fr\/WWW2\/wp-json\/wp\/v2\/pages\/203","targetHints":{"allow":["GET"]}}],"collection":[{"href":"https:\/\/www.fapricela.fr\/WWW2\/wp-json\/wp\/v2\/pages"}],"about":[{"href":"https:\/\/www.fapricela.fr\/WWW2\/wp-json\/wp\/v2\/types\/page"}],"author":[{"embeddable":true,"href":"https:\/\/www.fapricela.fr\/WWW2\/wp-json\/wp\/v2\/users\/100033845001"}],"replies":[{"embeddable":true,"href":"https:\/\/www.fapricela.fr\/WWW2\/wp-json\/wp\/v2\/comments?post=203"}],"version-history":[{"count":161,"href":"https:\/\/www.fapricela.fr\/WWW2\/wp-json\/wp\/v2\/pages\/203\/revisions"}],"predecessor-version":[{"id":6906,"href":"https:\/\/www.fapricela.fr\/WWW2\/wp-json\/wp\/v2\/pages\/203\/revisions\/6906"}],"wp:attachment":[{"href":"https:\/\/www.fapricela.fr\/WWW2\/wp-json\/wp\/v2\/media?parent=203"}],"curies":[{"name":"wp","href":"https:\/\/api.w.org\/{rel}","templated":true}]}}